{"id":82197,"date":"2026-04-19T11:37:39","date_gmt":"2026-04-19T09:37:39","guid":{"rendered":"https:\/\/safeblood.nz\/?page_id=82197"},"modified":"2026-04-19T11:56:54","modified_gmt":"2026-04-19T09:56:54","slug":"newsletter","status":"publish","type":"page","link":"https:\/\/safeblood.nz\/sk\/newsletter\/","title":{"rendered":"Newsletter"},"content":{"rendered":"<p><ins datetime=\"2026-04-19T09:35:34+00:00\">[vc_row type=&#8220;in_container&#8220; full_screen_row_position=&#8220;middle&#8220; column_margin=&#8220;default&#8220; column_direction=&#8220;default&#8220; column_direction_tablet=&#8220;default&#8220; column_direction_phone=&#8220;default&#8220; scene_position=&#8220;center&#8220; text_color=&#8220;dark&#8220; text_align=&#8220;left&#8220; row_border_radius=&#8220;none&#8220; row_border_radius_applies=&#8220;bg&#8220; overlay_strength=&#8220;0.3&#8243; gradient_direction=&#8220;left_to_right&#8220; shape_divider_position=&#8220;bottom&#8220; bg_image_animation=&#8220;none&#8220;][vc_column column_padding=&#8220;no-extra-padding&#8220; column_padding_tablet=&#8220;inherit&#8220; column_padding_phone=&#8220;inherit&#8220; column_padding_position=&#8220;all&#8220; column_element_spacing=&#8220;default&#8220; background_color_opacity=&#8220;1&#8243; background_hover_color_opacity=&#8220;1&#8243; column_shadow=&#8220;none&#8220; column_border_radius=&#8220;none&#8220; column_link_target=&#8220;_self&#8220; gradient_direction=&#8220;left_to_right&#8220; overlay_strength=&#8220;0.3&#8243; width=&#8220;1\/1&#8243; tablet_width_inherit=&#8220;default&#8220; tablet_text_alignment=&#8220;default&#8220; phone_text_alignment=&#8220;default&#8220; bg_image_animation=&#8220;none&#8220; border_type=&#8220;simple&#8220; column_border_width=&#8220;none&#8220; column_border_style=&#8220;solid&#8220;][vc_column_text css=&#8220;&#8220;]<strong>Ak chcete odobera\u0165 n\u00e1\u0161 newsletter, vypl\u0148te pros\u00edm ni\u017e\u0161ie uveden\u00e9 polia a kliknite na \u010derven\u00e9 tla\u010didlo.<\/strong><br \/>\nPridajte pros\u00edm odosielate\u013esk\u00fa adresu newsletteru, <a class=\"mail-link\" target=\"_blank\" rel=\"noopener\" data-enc-email=\"trbetr[at]fnsroybbq.pu\" data-wpel-link=\"ignore\"><span id=\"eeb-119536-794263\">newsletter@safeblood.net<\/span><\/a>, do v\u00e1\u0161ho adres\u00e1ra (\u201ewhitelist&#8220;), aby ste zabezpe\u010dili, \u017ee sa nedostane do spamu alebo nebude v\u00f4bec doru\u010den\u00fd (\u201ebounced&#8220;).<br \/>\n                    <script type=\"text\/javascript\">\n                        var onloadSibCallback = function () {\n                            jQuery('.g-recaptcha').each(function (index, el) {\n                                grecaptcha.render(el, {\n                                    'sitekey': jQuery(el).attr('data-sitekey')\n                                });\n                            });\n                        };\n                    <\/script>\n\t\t\t\t\t                <script src=\"https:\/\/www.google.com\/recaptcha\/api.js?onload=onloadSibCallback&render=explicit\" async defer><\/script>\n\t\t\t\t\t\t\t<form id=\"sib_signup_form_10\" method=\"post\" class=\"sib_signup_form\">\n\t\t\t\t<div class=\"sib_loader\" style=\"display:none;\"><img\n\t\t\t\t\t\t\tsrc=\"https:\/\/safeblood.nz\/wp-includes\/images\/spinner.gif\" alt=\"loader\"><\/div>\n\t\t\t\t<input type=\"hidden\" name=\"sib_form_action\" value=\"subscribe_form_submit\">\n\t\t\t\t<input type=\"hidden\" name=\"sib_form_id\" value=\"10\">\n                <input type=\"hidden\" name=\"sib_form_alert_notice\" value=\"Bitte f\u00fcllen Sie dieses Feld aus\">\n                <input type=\"hidden\" name=\"sib_form_invalid_email_notice\" value=\"Your email address is invalid\">\n                <input type=\"hidden\" name=\"sib_security\" value=\"fb5120298c\">\n\t\t\t\t<div class=\"sib_signup_box_inside_10\">\n\t\t\t\t\t<div style=\"\/*display:none*\/\" class=\"sib_msg_disp\">\n\t\t\t\t\t<\/div>\n                    \t\t\t\t\t<p class=\"sib-email-area\">\r\n    E-mailov\u00e1 adresa\r\n    <input type=\"email\" class=\"sib-email-area\" name=\"email\" required=\"required\">\r\n<\/p>\r\n<p class=\"sib-VORNAME-area\"> \r\n    <label class=\"sib-VORNAME-area\">Meno<\/label> \r\n    <input type=\"text\" class=\"sib-VORNAME-area\" name=\"VORNAME\" required=\"required\"> \r\n<\/p>\r\n<p class=\"sib-NACHNAME-area\"> \r\n    <label class=\"sib-NACHNAME-area\">Priezvisko<\/label> \r\n    <input type=\"text\" class=\"sib-NACHNAME-area\" name=\"NACHNAME\" required=\"required\"> \r\n<\/p>\r\n<p class=\"sib-LAND-area\"> \r\n    <label class=\"sib-LAND-area\">Krajina<\/label> \r\n    <input type=\"text\" class=\"sib-LAND-area\" name=\"LAND\" required=\"required\"> \r\n<\/p>\r\n\r\n<p class=\"sib-SPRACHE-area\"> \r\n    <label class=\"sib-SPRACHE-area\">Jazyk<\/label> \r\n    <input type=\"text\" class=\"sib-SPRACHE-area\" name=\"SPRACHE\" required=\"required\"> \r\n<\/p>\r\n<div id=\"sib_captcha\" class=\"g-recaptcha\" data-sitekey=\"6LfNlfEgAAAAAJCVtvZhjFEaSnxftRmKtPbnUBRs\"><\/div>\r\n<p> <\/p>\r\n  <p>  <input type=\"submit\" class=\"sib-default-btn\" value=\"Prihl\u00e1si\u0165 sa na odber newslettera\">\r\n<\/p>\t\t\t\t<\/div>\n\t\t\t<\/form>\n\t\t\t<style>\n\t\t\t\tform#sib_signup_form_10 p.sib-alert-message {\n    padding: 6px 12px;\n    margin-bottom: 20px;\n    border: 1px solid transparent;\n    border-radius: 4px;\n    -webkit-box-sizing: border-box;\n    -moz-box-sizing: border-box;\n    box-sizing: border-box;\n}\nform#sib_signup_form_10 p.sib-alert-message-error {\n    background-color: #f2dede;\n    border-color: #ebccd1;\n    color: #a94442;\n}\nform#sib_signup_form_10 p.sib-alert-message-success {\n    background-color: #dff0d8;\n    border-color: #d6e9c6;\n    color: #3c763d;\n}\nform#sib_signup_form_10 p.sib-alert-message-warning {\n    background-color: #fcf8e3;\n    border-color: #faebcc;\n    color: #8a6d3b;\n}\n\t\t\t<\/style>\n\t\t\t[\/vc_column_text][\/vc_column][\/vc_row]<\/ins><\/p>\n","protected":false},"excerpt":{"rendered":"<p>[vc_row type=&#8220;in_container&#8220; full_screen_row_position=&#8220;middle&#8220; column_margin=&#8220;default&#8220; column_direction=&#8220;default&#8220; column_direction_tablet=&#8220;default&#8220; column_direction_phone=&#8220;default&#8220; scene_position=&#8220;center&#8220; text_color=&#8220;dark&#8220; text_align=&#8220;left&#8220; row_border_radius=&#8220;none&#8220; row_border_radius_applies=&#8220;bg&#8220; overlay_strength=&#8220;0.3&#8243; gradient_direction=&#8220;left_to_right&#8220; shape_divider_position=&#8220;bottom&#8220; bg_image_animation=&#8220;none&#8220;][vc_column column_padding=&#8220;no-extra-padding&#8220; column_padding_tablet=&#8220;inherit&#8220; column_padding_phone=&#8220;inherit&#8220; column_padding_position=&#8220;all&#8220; column_element_spacing=&#8220;default&#8220; background_color_opacity=&#8220;1&#8243; background_hover_color_opacity=&#8220;1&#8243; column_shadow=&#8220;none&#8220; column_border_radius=&#8220;none&#8220; column_link_target=&#8220;_self&#8220; gradient_direction=&#8220;left_to_right&#8220; overlay_strength=&#8220;0.3&#8243; width=&#8220;1\/1&#8243; tablet_width_inherit=&#8220;default&#8220;&#8230;<\/p>\n","protected":false},"author":2,"featured_media":0,"parent":0,"menu_order":0,"comment_status":"closed","ping_status":"closed","template":"","meta":[],"_links":{"self":[{"href":"https:\/\/safeblood.nz\/sk\/wp-json\/wp\/v2\/pages\/82197"}],"collection":[{"href":"https:\/\/safeblood.nz\/sk\/wp-json\/wp\/v2\/pages"}],"about":[{"href":"https:\/\/safeblood.nz\/sk\/wp-json\/wp\/v2\/types\/page"}],"author":[{"embeddable":true,"href":"https:\/\/safeblood.nz\/sk\/wp-json\/wp\/v2\/users\/2"}],"replies":[{"embeddable":true,"href":"https:\/\/safeblood.nz\/sk\/wp-json\/wp\/v2\/comments?post=82197"}],"version-history":[{"count":2,"href":"https:\/\/safeblood.nz\/sk\/wp-json\/wp\/v2\/pages\/82197\/revisions"}],"predecessor-version":[{"id":82200,"href":"https:\/\/safeblood.nz\/sk\/wp-json\/wp\/v2\/pages\/82197\/revisions\/82200"}],"wp:attachment":[{"href":"https:\/\/safeblood.nz\/sk\/wp-json\/wp\/v2\/media?parent=82197"}],"curies":[{"name":"wp","href":"https:\/\/api.w.org\/{rel}","templated":true}]}}